{"id":20689043,"date":"2015-07-18T21:37:44","date_gmt":"2015-07-18T21:37:44","guid":{"rendered":"http:\/\/produktedschungel.wordpress.com\/?page_id=1"},"modified":"2018-06-02T21:18:42","modified_gmt":"2018-06-02T19:18:42","slug":"eine-seite","status":"publish","type":"page","link":"https:\/\/www.th-bl.de\/produktedschungel\/eine-seite","title":{"rendered":"\u00dcber diese Website"},"content":{"rendered":"<p>Herzlich willkommen und sch\u00f6n, dass du hier hin gefunden hast!<\/p>\n<p>In diesem Blog dreht sich alles rund um Testberichte aus verschiedensten Branchen. Ich teste f\u00fcr euch, dass ihr genau wisst, was ihr bekommt. Ich bem\u00fche mich um Objektivit\u00e4t, um m\u00f6glichst viele Leser anzusprechen. Zudem haben wir ja alle eine unterschiedliche Sichtweise und das ist auch gut so! Sollte ein Produkt also deutliche M\u00e4ngel haben, dann sage ich das auch. Alles, was nur empfunden werden kann, beschreibe ich aus meiner Sichtweise mit dem Hinweis, dass es auch anders empfunden werden kann.<\/p>\n<p>Ich freue mich \u00fcber euren Besuch und auf einen regen Austausch \u00fcber die Kommentier-Funktion!<\/p>\n","protected":false},"excerpt":{"rendered":"<p>Herzlich willkommen und sch\u00f6n, dass du hier hin gefunden hast! In diesem Blog dreht sich alles rund um Testberichte aus verschiedensten Branchen. [&hellip;]<\/p>\n","protected":false},"author":2,"featured_media":0,"parent":0,"menu_order":0,"comment_status":"open","ping_status":"open","template":"","meta":{"_exactmetrics_skip_tracking":false,"_exactmetrics_sitenote_active":false,"_exactmetrics_sitenote_note":"","_exactmetrics_sitenote_category":0,"footnotes":""},"class_list":{"0":"post-20689043","1":"page","2":"type-page","3":"status-publish","5":"col-md-12"},"aioseo_notices":[],"_links":{"self":[{"href":"https:\/\/www.th-bl.de\/produktedschungel\/wp-json\/wp\/v2\/pages\/20689043","targetHints":{"allow":["GET"]}}],"collection":[{"href":"https:\/\/www.th-bl.de\/produktedschungel\/wp-json\/wp\/v2\/pages"}],"about":[{"href":"https:\/\/www.th-bl.de\/produktedschungel\/wp-json\/wp\/v2\/types\/page"}],"author":[{"embeddable":true,"href":"https:\/\/www.th-bl.de\/produktedschungel\/wp-json\/wp\/v2\/users\/2"}],"replies":[{"embeddable":true,"href":"https:\/\/www.th-bl.de\/produktedschungel\/wp-json\/wp\/v2\/comments?post=20689043"}],"version-history":[{"count":2,"href":"https:\/\/www.th-bl.de\/produktedschungel\/wp-json\/wp\/v2\/pages\/20689043\/revisions"}],"predecessor-version":[{"id":20689776,"href":"https:\/\/www.th-bl.de\/produktedschungel\/wp-json\/wp\/v2\/pages\/20689043\/revisions\/20689776"}],"wp:attachment":[{"href":"https:\/\/www.th-bl.de\/produktedschungel\/wp-json\/wp\/v2\/media?parent=20689043"}],"curies":[{"name":"wp","href":"https:\/\/api.w.org\/{rel}","templated":true}]}}